{"id":17,"date":"2026-04-07T14:59:30","date_gmt":"2026-04-07T14:59:30","guid":{"rendered":"https:\/\/upap.pt\/?page_id=17"},"modified":"2026-04-20T11:33:00","modified_gmt":"2026-04-20T11:33:00","slug":"sobre-nos","status":"publish","type":"page","link":"https:\/\/upap.pt\/index.php\/sobre-nos\/","title":{"rendered":"Sobre N\u00f3s"},"content":{"rendered":"\n<h2 class=\"wp-block-heading has-zakra-color-3-color has-zakra-color-1-background-color has-text-color has-background has-link-color has-medium-font-size wp-elements-141284da938fe1ec7a4cfb0718378bbd\" style=\"border-style:none;border-width:0px;border-top-left-radius:30px;border-top-right-radius:30px;border-bottom-left-radius:30px;border-bottom-right-radius:30px\"><strong><a href=\"https:\/\/upap.pt\/index.php\/identidade-institucional\/\">Identidade Institucional<\/a><\/strong><a href=\"https:\/\/upap.pt\/wp-admin\/post.php?post=95&amp;action=edit\"><\/a><\/h2>\n\n\n\n<h2 class=\"wp-block-heading has-zakra-color-3-color has-zakra-color-1-background-color has-text-color has-background has-link-color has-medium-font-size wp-elements-e5665efbfa8ad36202ffb113319004f6\" style=\"border-top-left-radius:30px;border-top-right-radius:30px;border-bottom-left-radius:30px;border-bottom-right-radius:30px\"><strong><a href=\"https:\/\/upap.pt\/index.php\/historial\/\">Historia<\/a>l<\/strong><\/h2>\n\n\n\n<h2 class=\"wp-block-heading has-zakra-color-3-color has-zakra-color-1-background-color has-text-color has-background has-link-color has-medium-font-size wp-elements-2cbf6c6c7727c3e2e8603103a7d2f969\" style=\"border-top-left-radius:30px;border-top-right-radius:30px;border-bottom-left-radius:30px;border-bottom-right-radius:30px\"><strong><a href=\"https:\/\/upap.pt\/index.php\/orgaos-sociais\/\">\u00d3rg\u00e3os Sociais &#8211; Tri\u00e9nio 2026-2028<\/a><\/strong><\/h2>\n\n\n\n<h2 class=\"wp-block-heading has-zakra-color-3-color has-zakra-color-1-background-color has-text-color has-background has-link-color has-medium-font-size wp-elements-f537007863b4657b2dd83708231c2519\" style=\"border-top-left-radius:32px;border-top-right-radius:32px;border-bottom-left-radius:32px;border-bottom-right-radius:32px\"><strong><a href=\"https:\/\/upap.pt\/index.php\/estatutos-da-upap\/\">Estatutos<\/a><\/strong><\/h2>\n\n\n\n<h2 class=\"wp-block-heading has-white-color has-zakra-color-1-background-color has-text-color has-background has-link-color has-medium-font-size wp-elements-f394e7f5bee291eae78c46d88655d63c\" style=\"border-top-left-radius:30px;border-top-right-radius:30px;border-bottom-left-radius:30px;border-bottom-right-radius:30px\"><a href=\"https:\/\/upap.pt\/index.php\/como-se-tornar-associado\/\"><strong>Como se tornar associado?<\/strong><\/a><\/h2>\n\n\n\n<p><\/p>\n","protected":false},"excerpt":{"rendered":"<p>Identidade Institucional Historial \u00d3rg\u00e3os Sociais &#8211; Tri\u00e9nio 2026-2028 Estatutos Como se tornar associado?<\/p>\n","protected":false},"author":1,"featured_media":0,"parent":0,"menu_order":2,"comment_status":"closed","ping_status":"closed","template":"","meta":{"zakra_page_container_layout":"customizer","zakra_page_sidebar_layout":"customizer","zakra_remove_content_margin":false,"zakra_sidebar":"customizer","zakra_transparent_header":"customizer","zakra_logo":0,"zakra_main_header_style":"default","zakra_menu_item_color":"","zakra_menu_item_hover_color":"","zakra_menu_item_active_color":"","zakra_menu_active_style":"","zakra_page_header":true,"footnotes":""},"class_list":["post-17","page","type-page","status-publish","hentry"],"_links":{"self":[{"href":"https:\/\/upap.pt\/index.php\/wp-json\/wp\/v2\/pages\/17","targetHints":{"allow":["GET"]}}],"collection":[{"href":"https:\/\/upap.pt\/index.php\/wp-json\/wp\/v2\/pages"}],"about":[{"href":"https:\/\/upap.pt\/index.php\/wp-json\/wp\/v2\/types\/page"}],"author":[{"embeddable":true,"href":"https:\/\/upap.pt\/index.php\/wp-json\/wp\/v2\/users\/1"}],"replies":[{"embeddable":true,"href":"https:\/\/upap.pt\/index.php\/wp-json\/wp\/v2\/comments?post=17"}],"version-history":[{"count":13,"href":"https:\/\/upap.pt\/index.php\/wp-json\/wp\/v2\/pages\/17\/revisions"}],"predecessor-version":[{"id":154,"href":"https:\/\/upap.pt\/index.php\/wp-json\/wp\/v2\/pages\/17\/revisions\/154"}],"wp:attachment":[{"href":"https:\/\/upap.pt\/index.php\/wp-json\/wp\/v2\/media?parent=17"}],"curies":[{"name":"wp","href":"https:\/\/api.w.org\/{rel}","templated":true}]}}