{"id":19,"date":"2026-04-07T14:59:47","date_gmt":"2026-04-07T14:59:47","guid":{"rendered":"https:\/\/upap.pt\/?page_id=19"},"modified":"2026-04-20T19:32:00","modified_gmt":"2026-04-20T19:32:00","slug":"contactos","status":"publish","type":"page","link":"https:\/\/upap.pt\/index.php\/contactos\/","title":{"rendered":"Contactos"},"content":{"rendered":"\n<p>Tem d\u00favidas sobre a <strong>69\u00aa Exposi\u00e7\u00e3o<\/strong>, quer tornar-se nosso associado ou simplesmente partilhar uma ideia?<\/p>\n\n\n\n<p> Estamos \u00e0 sua disposi\u00e7\u00e3o.<\/p>\n\n\n\n<p><\/p>\n\n\n\n<ul class=\"wp-block-list\">\n<li>\ud83d\udccd <strong>Morada:<\/strong> Rua Cidade da Beira, n\u00ba48D &#8211; 1800-070 Olivais, Lisboa<\/li>\n\n\n\n<li>\ud83d\udcde <strong>Telefone:<\/strong> 21 853 7224 (Chamada para a rede fixa nacional) ou 92 840 61 56<\/li>\n\n\n\n<li>\ud83d\udce7 <strong>Email Geral:<\/strong> <a href=\"mailto:upap@sapo.pt\">upap@sapo.pt<\/a><\/li>\n\n\n\n<li>\ud83c\udfa8 <strong>Secretariado de Exposi\u00e7\u00f5es:<\/strong> <a href=\"mailto:upap@sapo.pt\">upap.geral@gmail.com<\/a><\/li>\n\n\n\n<li>\ud83d\udce7 <strong>Email: <\/strong><a href=\"mailto:direcao@upap.pt\"><\/a><a href=\"mailto:upap@sapo.pt\">upap@sapo.pt<\/a><\/li>\n<\/ul>\n\n\n\n<p><strong>Hor\u00e1rio de Atendimento:<\/strong> Segunda a Sexta: 10h00 \u2013 12h00 | 14h00 \u2013 16h00 (Encerrado aos feriados) Presencialmente apenas com marca\u00e7\u00e3o.<\/p>\n\n\n\n<p>Siga-nos nas Redes Sociais. Basta clicar na palavra pretendida:<\/p>\n\n\n\n<p class=\"blockart-paragraph blockart-paragraph-9221d66e\"><a href=\"https:\/\/www.facebook.com\/profile.php?id=61587730201387\">Facebook<\/a><\/p>\n\n\n\n<p class=\"blockart-paragraph blockart-paragraph-ffdf8cf0\"><a href=\"https:\/\/www.instagram.com\/upap_porcelana?igsh=MWUwbjQ1YzA2cTM4eQ==\">Instagram<\/a><\/p>\n\n\n\n<p><\/p>\n","protected":false},"excerpt":{"rendered":"<p>Tem d\u00favidas sobre a 69\u00aa Exposi\u00e7\u00e3o, quer tornar-se nosso associado ou simplesmente partilhar uma ideia? Estamos \u00e0 sua disposi\u00e7\u00e3o. Hor\u00e1rio de Atendimento: Segunda a Sexta: 10h00 \u2013 12h00 | 14h00 \u2013 16h00 (Encerrado aos feriados) Presencialmente apenas com marca\u00e7\u00e3o. Siga-nos nas Redes Sociais. Basta clicar na palavra pretendida:<\/p>\n","protected":false},"author":2,"featured_media":0,"parent":0,"menu_order":0,"comment_status":"closed","ping_status":"closed","template":"","meta":{"zakra_page_container_layout":"customizer","zakra_page_sidebar_layout":"customizer","zakra_remove_content_margin":false,"zakra_sidebar":"customizer","zakra_transparent_header":"customizer","zakra_logo":0,"zakra_main_header_style":"default","zakra_menu_item_color":"","zakra_menu_item_hover_color":"","zakra_menu_item_active_color":"","zakra_menu_active_style":"","zakra_page_header":true,"footnotes":""},"class_list":["post-19","page","type-page","status-publish","hentry"],"_links":{"self":[{"href":"https:\/\/upap.pt\/index.php\/wp-json\/wp\/v2\/pages\/19","targetHints":{"allow":["GET"]}}],"collection":[{"href":"https:\/\/upap.pt\/index.php\/wp-json\/wp\/v2\/pages"}],"about":[{"href":"https:\/\/upap.pt\/index.php\/wp-json\/wp\/v2\/types\/page"}],"author":[{"embeddable":true,"href":"https:\/\/upap.pt\/index.php\/wp-json\/wp\/v2\/users\/2"}],"replies":[{"embeddable":true,"href":"https:\/\/upap.pt\/index.php\/wp-json\/wp\/v2\/comments?post=19"}],"version-history":[{"count":8,"href":"https:\/\/upap.pt\/index.php\/wp-json\/wp\/v2\/pages\/19\/revisions"}],"predecessor-version":[{"id":162,"href":"https:\/\/upap.pt\/index.php\/wp-json\/wp\/v2\/pages\/19\/revisions\/162"}],"wp:attachment":[{"href":"https:\/\/upap.pt\/index.php\/wp-json\/wp\/v2\/media?parent=19"}],"curies":[{"name":"wp","href":"https:\/\/api.w.org\/{rel}","templated":true}]}}