{"id":8,"date":"2026-04-07T14:56:54","date_gmt":"2026-04-07T14:56:54","guid":{"rendered":"https:\/\/upap.pt\/?page_id=8"},"modified":"2026-04-20T10:35:52","modified_gmt":"2026-04-20T10:35:52","slug":"boas-vindas","status":"publish","type":"page","link":"https:\/\/upap.pt\/","title":{"rendered":"Boas Vindas"},"content":{"rendered":"\n<p><strong>Associa\u00e7\u00e3o de Utilidade P\u00fablica e de manifesto interesse Cultural<\/strong><\/p>\n\n\n\n<p>Na <strong>UPAP<\/strong>, preservamos e impulsionamos a excel\u00eancia da arte em porcelana em Portugal.<\/p>\n\n\n\n<p>Somos o ponto de encontro de artistas e entusiastas que transformam a mat\u00e9ria em express\u00e3o, promovendo a forma\u00e7\u00e3o t\u00e9cnica, o interc\u00e2mbio de conhecimentos e a valoriza\u00e7\u00e3o de uma heran\u00e7a cultural \u00fanica.<\/p>\n\n\n\n<p>Junte-se a n\u00f3s e fa\u00e7a parte desta comunidade onde a tradi\u00e7\u00e3o se molda \u00e0 criatividade contempor\u00e2nea.<\/p>\n","protected":false},"excerpt":{"rendered":"<p>Associa\u00e7\u00e3o de Utilidade P\u00fablica e de manifesto interesse Cultural Na UPAP, preservamos e impulsionamos a excel\u00eancia da arte em porcelana em Portugal. Somos o ponto de encontro de artistas e entusiastas que transformam a mat\u00e9ria em express\u00e3o, promovendo a forma\u00e7\u00e3o t\u00e9cnica, o interc\u00e2mbio de conhecimentos e a valoriza\u00e7\u00e3o de uma heran\u00e7a cultural \u00fanica. Junte-se a [&hellip;]<\/p>\n","protected":false},"author":2,"featured_media":0,"parent":0,"menu_order":0,"comment_status":"closed","ping_status":"closed","template":"","meta":{"zakra_page_container_layout":"customizer","zakra_page_sidebar_layout":"customizer","zakra_remove_content_margin":false,"zakra_sidebar":"customizer","zakra_transparent_header":"customizer","zakra_logo":0,"zakra_main_header_style":"default","zakra_menu_item_color":"","zakra_menu_item_hover_color":"","zakra_menu_item_active_color":"","zakra_menu_active_style":"","zakra_page_header":true,"footnotes":""},"class_list":["post-8","page","type-page","status-publish","hentry"],"_links":{"self":[{"href":"https:\/\/upap.pt\/index.php\/wp-json\/wp\/v2\/pages\/8","targetHints":{"allow":["GET"]}}],"collection":[{"href":"https:\/\/upap.pt\/index.php\/wp-json\/wp\/v2\/pages"}],"about":[{"href":"https:\/\/upap.pt\/index.php\/wp-json\/wp\/v2\/types\/page"}],"author":[{"embeddable":true,"href":"https:\/\/upap.pt\/index.php\/wp-json\/wp\/v2\/users\/2"}],"replies":[{"embeddable":true,"href":"https:\/\/upap.pt\/index.php\/wp-json\/wp\/v2\/comments?post=8"}],"version-history":[{"count":4,"href":"https:\/\/upap.pt\/index.php\/wp-json\/wp\/v2\/pages\/8\/revisions"}],"predecessor-version":[{"id":127,"href":"https:\/\/upap.pt\/index.php\/wp-json\/wp\/v2\/pages\/8\/revisions\/127"}],"wp:attachment":[{"href":"https:\/\/upap.pt\/index.php\/wp-json\/wp\/v2\/media?parent=8"}],"curies":[{"name":"wp","href":"https:\/\/api.w.org\/{rel}","templated":true}]}}