{"id":95,"date":"2026-04-10T14:46:26","date_gmt":"2026-04-10T14:46:26","guid":{"rendered":"https:\/\/upap.pt\/?page_id=95"},"modified":"2026-04-10T14:50:31","modified_gmt":"2026-04-10T14:50:31","slug":"identidade-institucional","status":"publish","type":"page","link":"https:\/\/upap.pt\/index.php\/identidade-institucional\/","title":{"rendered":"Identidade Institucional"},"content":{"rendered":"\n<p><strong>Miss\u00e3o<\/strong>&#8211; Honrar o legado dos fundadores atrav\u00e9s da preserva\u00e7\u00e3o, forma\u00e7\u00e3o e divulga\u00e7\u00e3o da pintura sobre porcelana, unindo tradi\u00e7\u00e3o e inova\u00e7\u00e3o.<\/p>\n\n\n\n<p><strong>Vis\u00e3o<\/strong>&#8211; Ser a refer\u00eancia nacional e internacional na dinamiza\u00e7\u00e3o das artes do fogo, promovendo o crescimento coletivo e a renova\u00e7\u00e3o geracional desta arte.<\/p>\n\n\n\n<p><strong>Valores<\/strong><\/p>\n\n\n\n<ul class=\"wp-block-list\">\n<li><strong>Respeito pela Mem\u00f3ria:<\/strong> Valorizar o patrim\u00f3nio art\u00edstico e a hist\u00f3ria da associa\u00e7\u00e3o desde 1987.<\/li>\n\n\n\n<li><strong>Rigor e Criatividade:<\/strong> Combinar a experi\u00eancia t\u00e9cnica com a inova\u00e7\u00e3o contempor\u00e2nea.<\/li>\n\n\n\n<li><strong>Responsabilidade Social:<\/strong> Promover a abertura \u00e0 comunidade e a liga\u00e7\u00e3o entre gera\u00e7\u00f5es.<\/li>\n\n\n\n<li><strong>Esp\u00edrito de Colabora\u00e7\u00e3o:<\/strong> Fortalecer la\u00e7os institucionais e parcerias estrat\u00e9gicas para o bem comum da arte.<\/li>\n<\/ul>\n\n\n\n<p><\/p>\n","protected":false},"excerpt":{"rendered":"<p>Miss\u00e3o&#8211; Honrar o legado dos fundadores atrav\u00e9s da preserva\u00e7\u00e3o, forma\u00e7\u00e3o e divulga\u00e7\u00e3o da pintura sobre porcelana, unindo tradi\u00e7\u00e3o e inova\u00e7\u00e3o. Vis\u00e3o&#8211; Ser a refer\u00eancia nacional e internacional na dinamiza\u00e7\u00e3o das artes do fogo, promovendo o crescimento coletivo e a renova\u00e7\u00e3o geracional desta arte. Valores<\/p>\n","protected":false},"author":1,"featured_media":0,"parent":0,"menu_order":0,"comment_status":"closed","ping_status":"closed","template":"","meta":{"zakra_page_container_layout":"customizer","zakra_page_sidebar_layout":"customizer","zakra_remove_content_margin":false,"zakra_sidebar":"customizer","zakra_transparent_header":"customizer","zakra_logo":0,"zakra_main_header_style":"default","zakra_menu_item_color":"","zakra_menu_item_hover_color":"","zakra_menu_item_active_color":"","zakra_menu_active_style":"","zakra_page_header":true,"footnotes":""},"class_list":["post-95","page","type-page","status-publish","hentry"],"_links":{"self":[{"href":"https:\/\/upap.pt\/index.php\/wp-json\/wp\/v2\/pages\/95","targetHints":{"allow":["GET"]}}],"collection":[{"href":"https:\/\/upap.pt\/index.php\/wp-json\/wp\/v2\/pages"}],"about":[{"href":"https:\/\/upap.pt\/index.php\/wp-json\/wp\/v2\/types\/page"}],"author":[{"embeddable":true,"href":"https:\/\/upap.pt\/index.php\/wp-json\/wp\/v2\/users\/1"}],"replies":[{"embeddable":true,"href":"https:\/\/upap.pt\/index.php\/wp-json\/wp\/v2\/comments?post=95"}],"version-history":[{"count":1,"href":"https:\/\/upap.pt\/index.php\/wp-json\/wp\/v2\/pages\/95\/revisions"}],"predecessor-version":[{"id":96,"href":"https:\/\/upap.pt\/index.php\/wp-json\/wp\/v2\/pages\/95\/revisions\/96"}],"wp:attachment":[{"href":"https:\/\/upap.pt\/index.php\/wp-json\/wp\/v2\/media?parent=95"}],"curies":[{"name":"wp","href":"https:\/\/api.w.org\/{rel}","templated":true}]}}